{"id":4479,"date":"2024-10-08T09:29:59","date_gmt":"2024-10-08T09:29:59","guid":{"rendered":"https:\/\/mickaelduval.com\/?page_id=4479"},"modified":"2025-06-17T09:17:07","modified_gmt":"2025-06-17T09:17:07","slug":"video","status":"publish","type":"page","link":"https:\/\/mickaelduval.com\/en\/video\/","title":{"rendered":"Video"},"content":{"rendered":"<div data-elementor-type=\"wp-page\" data-elementor-id=\"4479\" class=\"elementor elementor-4479\">\n\t\t\t\t\t\t<section class=\"elementor-section elementor-top-section elementor-element elementor-element-be97da7 elementor-section-boxed elementor-section-height-default elementor-section-height-default\" data-id=\"be97da7\" data-element_type=\"section\" data-e-type=\"section\">\n\t\t\t\t\t\t<div class=\"elementor-container elementor-column-gap-default\">\n\t\t\t\t\t<div class=\"elementor-column elementor-col-100 elementor-top-column elementor-element elementor-element-85d6d4e\" data-id=\"85d6d4e\" data-element_type=\"column\" data-e-type=\"column\">\n\t\t\t<div class=\"elementor-widget-wrap elementor-element-populated\">\n\t\t\t\t\t\t<div class=\"elementor-element elementor-element-33d79df elementor-widget elementor-widget-spacer\" data-id=\"33d79df\" data-element_type=\"widget\" data-e-type=\"widget\" data-widget_type=\"spacer.default\">\n\t\t\t\t<div class=\"elementor-widget-container\">\n\t\t\t\t\t\t\t<div class=\"elementor-spacer\">\n\t\t\t<div class=\"elementor-spacer-inner\"><\/div>\n\t\t<\/div>\n\t\t\t\t\t\t<\/div>\n\t\t\t\t<\/div>\n\t\t\t\t\t<\/div>\n\t\t<\/div>\n\t\t\t\t\t<\/div>\n\t\t<\/section>\n\t\t\t\t<section class=\"elementor-section elementor-top-section elementor-element elementor-element-7237410e elementor-section-boxed elementor-section-height-default elementor-section-height-default\" data-id=\"7237410e\" data-element_type=\"section\" data-e-type=\"section\">\n\t\t\t\t\t\t<div class=\"elementor-container elementor-column-gap-default\">\n\t\t\t\t\t<div class=\"elementor-column elementor-col-100 elementor-top-column elementor-element elementor-element-26b1e3f3\" data-id=\"26b1e3f3\" data-element_type=\"column\" data-e-type=\"column\">\n\t\t\t<div class=\"elementor-widget-wrap elementor-element-populated\">\n\t\t\t\t\t\t<div class=\"elementor-element elementor-element-4db4ba6f elementor-widget elementor-widget-eael-image-accordion\" data-id=\"4db4ba6f\" data-element_type=\"widget\" data-e-type=\"widget\" data-widget_type=\"eael-image-accordion.default\">\n\t\t\t\t<div class=\"elementor-widget-container\">\n\t\t\t\t\t    <div class=\"eael-img-accordion accordion-direction-horizontal eael-img-accordion-horizontal-align-center eael-img-accordion-vertical-align-center\" id=\"eael-img-accordion-4db4ba6f\" data-img-accordion-id=\"4db4ba6f\" data-img-accordion-type=\"on-hover\">\n                    \n            <div class=\"eael-image-accordion-hover eael-image-accordion-item\" style=\"background-image: url(https:\/\/mickaelduval.com\/wp-content\/uploads\/2025\/06\/AtelierIII_Acting_LFdR.png);\"  tabindex=\"0\">\n                <div class=\"overlay\">\n                                        <div class=\"overlay-inner\">\n                        <h2 class=\"img-accordion-title\">The Dream Factory<\/h2>                    <\/div>\n                <\/div>\n            <\/div>\n                    \n            <div class=\"eael-image-accordion-hover eael-image-accordion-item\" style=\"background-image: url(https:\/\/mickaelduval.com\/wp-content\/uploads\/2024\/10\/LA_VOLIERE_DES_OISEAUX_1_Internet.jpg);\"  tabindex=\"0\">\n                <div class=\"overlay\">\n                                        <div class=\"overlay-inner\">\n                        <a href=\"https:\/\/mickaelduval.com\/en\/la-voliere-des-oiseaux\/\"><h2 class=\"img-accordion-title\">la voli\u00e8re des oiseaux<\/h2><\/a>                    <\/div>\n                <\/div>\n            <\/div>\n                    \n            <div class=\"eael-image-accordion-hover eael-image-accordion-item\" style=\"background-image: url(https:\/\/mickaelduval.com\/wp-content\/uploads\/2022\/05\/NF_FLEUR.png);\"  tabindex=\"0\">\n                <div class=\"overlay\">\n                                        <div class=\"overlay-inner\">\n                        <a href=\"https:\/\/mickaelduval.com\/en\/non-fongibles-paysage\/\"><h2 class=\"img-accordion-title\">non \/ fongibles #Paysage<\/h2><\/a>                    <\/div>\n                <\/div>\n            <\/div>\n                <\/div>\n        <style typr=\"text\/css\">\n                    #eael-img-accordion-4db4ba6f .eael-image-accordion-hover:hover {\n                        flex: 3 1 0% !important;\n                    }\n                    #eael-img-accordion-4db4ba6f .eael-image-accordion-hover:hover:hover .overlay-inner * {\n                        opacity: 1;\n                        visibility: visible;\n                        transform: none;\n                        transition: all .3s .3s;\n                    }\n                <\/style>\t\t\t\t<\/div>\n\t\t\t\t<\/div>\n\t\t\t\t\t<\/div>\n\t\t<\/div>\n\t\t\t\t\t<\/div>\n\t\t<\/section>\n\t\t\t\t<section class=\"elementor-section elementor-top-section elementor-element elementor-element-685525f elementor-section-boxed elementor-section-height-default elementor-section-height-default\" data-id=\"685525f\" data-element_type=\"section\" data-e-type=\"section\">\n\t\t\t\t\t\t<div class=\"elementor-container elementor-column-gap-default\">\n\t\t\t\t\t<div class=\"elementor-column elementor-col-100 elementor-top-column elementor-element elementor-element-e9e70fb\" data-id=\"e9e70fb\" data-element_type=\"column\" data-e-type=\"column\">\n\t\t\t<div class=\"elementor-widget-wrap elementor-element-populated\">\n\t\t\t\t\t\t<div class=\"elementor-element elementor-element-5361c03 elementor-widget elementor-widget-spacer\" data-id=\"5361c03\" data-element_type=\"widget\" data-e-type=\"widget\" data-widget_type=\"spacer.default\">\n\t\t\t\t<div class=\"elementor-widget-container\">\n\t\t\t\t\t\t\t<div class=\"elementor-spacer\">\n\t\t\t<div class=\"elementor-spacer-inner\"><\/div>\n\t\t<\/div>\n\t\t\t\t\t\t<\/div>\n\t\t\t\t<\/div>\n\t\t\t\t\t<\/div>\n\t\t<\/div>\n\t\t\t\t\t<\/div>\n\t\t<\/section>\n\t\t\t\t<\/div>","protected":false},"excerpt":{"rendered":"<p>La Fabrique des R\u00eaves la voli\u00e8re des oiseaux non \/ fongibles #Paysage<\/p>","protected":false},"author":1,"featured_media":0,"parent":0,"menu_order":0,"comment_status":"closed","ping_status":"closed","template":"elementor_header_footer","meta":{"footnotes":""},"wf_page_folders":[46],"class_list":["post-4479","page","type-page","status-publish","hentry","entry"],"yoast_head":"<!-- This site is optimized with the Yoast SEO plugin v26.0 - https:\/\/yoast.com\/wordpress\/plugins\/seo\/ -->\n<title>Vid\u00e9o - Mickael Duval<\/title>\n<meta name=\"description\" content=\"Vit et travaille \u00e0 Toulouse. Micka\u00ebl explore \u00e0 travers sa pratique artistique une r\u00e9flexion sur l&#039;image d&#039;hier, d&#039;aujourd&#039;hui et de demain.\" \/>\n<meta name=\"robots\" content=\"index, follow, max-snippet:-1, max-image-preview:large, max-video-preview:-1\" \/>\n<link rel=\"canonical\" href=\"https:\/\/mickaelduval.com\/en\/video\/\" \/>\n<meta property=\"og:locale\" content=\"en_US\" \/>\n<meta property=\"og:type\" content=\"article\" \/>\n<meta property=\"og:title\" content=\"Vid\u00e9o - Mickael Duval\" \/>\n<meta property=\"og:description\" content=\"Vit et travaille \u00e0 Toulouse. Micka\u00ebl explore \u00e0 travers sa pratique artistique une r\u00e9flexion sur l&#039;image d&#039;hier, d&#039;aujourd&#039;hui et de demain.\" \/>\n<meta property=\"og:url\" content=\"https:\/\/mickaelduval.com\/en\/video\/\" \/>\n<meta property=\"og:site_name\" content=\"Mickael Duval\" \/>\n<meta property=\"article:publisher\" content=\"https:\/\/www.facebook.com\/mickaelduval.fr\" \/>\n<meta property=\"article:modified_time\" content=\"2025-06-17T09:17:07+00:00\" \/>\n<meta name=\"twitter:card\" content=\"summary_large_image\" \/>\n<meta name=\"twitter:label1\" content=\"Est. reading time\" \/>\n\t<meta name=\"twitter:data1\" content=\"1 minute\" \/>\n<script type=\"application\/ld+json\" class=\"yoast-schema-graph\">{\"@context\":\"https:\/\/schema.org\",\"@graph\":[{\"@type\":\"WebPage\",\"@id\":\"https:\/\/mickaelduval.com\/video\/\",\"url\":\"https:\/\/mickaelduval.com\/video\/\",\"name\":\"Vid\u00e9o - Mickael Duval\",\"isPartOf\":{\"@id\":\"https:\/\/mickaelduval.com\/#website\"},\"datePublished\":\"2024-10-08T09:29:59+00:00\",\"dateModified\":\"2025-06-17T09:17:07+00:00\",\"description\":\"Vit et travaille \u00e0 Toulouse. Micka\u00ebl explore \u00e0 travers sa pratique artistique une r\u00e9flexion sur l'image d'hier, d'aujourd'hui et de demain.\",\"breadcrumb\":{\"@id\":\"https:\/\/mickaelduval.com\/video\/#breadcrumb\"},\"inLanguage\":\"en-US\",\"potentialAction\":[{\"@type\":\"ReadAction\",\"target\":[\"https:\/\/mickaelduval.com\/video\/\"]}]},{\"@type\":\"BreadcrumbList\",\"@id\":\"https:\/\/mickaelduval.com\/video\/#breadcrumb\",\"itemListElement\":[{\"@type\":\"ListItem\",\"position\":1,\"name\":\"Accueil\",\"item\":\"https:\/\/mickaelduval.com\/\"},{\"@type\":\"ListItem\",\"position\":2,\"name\":\"Vid\u00e9o\"}]},{\"@type\":\"WebSite\",\"@id\":\"https:\/\/mickaelduval.com\/#website\",\"url\":\"https:\/\/mickaelduval.com\/\",\"name\":\"Mickael Duval\",\"description\":\"Artiste plasticien :)\",\"publisher\":{\"@id\":\"https:\/\/mickaelduval.com\/#\/schema\/person\/d0d08f71e8f15cbf724155d7aad9670e\"},\"potentialAction\":[{\"@type\":\"SearchAction\",\"target\":{\"@type\":\"EntryPoint\",\"urlTemplate\":\"https:\/\/mickaelduval.com\/?s={search_term_string}\"},\"query-input\":{\"@type\":\"PropertyValueSpecification\",\"valueRequired\":true,\"valueName\":\"search_term_string\"}}],\"inLanguage\":\"en-US\"},{\"@type\":[\"Person\",\"Organization\"],\"@id\":\"https:\/\/mickaelduval.com\/#\/schema\/person\/d0d08f71e8f15cbf724155d7aad9670e\",\"name\":\"Mickael Duval Artiste\",\"image\":{\"@type\":\"ImageObject\",\"inLanguage\":\"en-US\",\"@id\":\"https:\/\/mickaelduval.com\/#\/schema\/person\/image\/\",\"url\":\"https:\/\/mickaelduval.com\/wp-content\/uploads\/2023\/02\/icone_Site_MickaelDuval.png\",\"contentUrl\":\"https:\/\/mickaelduval.com\/wp-content\/uploads\/2023\/02\/icone_Site_MickaelDuval.png\",\"width\":512,\"height\":512,\"caption\":\"Mickael Duval Artiste\"},\"logo\":{\"@id\":\"https:\/\/mickaelduval.com\/#\/schema\/person\/image\/\"},\"description\":\"Vit et travaille \u00e0 Toulouse. Micka\u00ebl explore \u00e0 travers sa pratique artistique une r\u00e9flexion sur l'image d'hier, d'aujourd'hui et de demain.\",\"sameAs\":[\"http:\/\/mickaelduval.com\",\"https:\/\/www.facebook.com\/mickaelduval.fr\",\"https:\/\/www.instagram.com\/mkl_dvl\/\",\"https:\/\/www.linkedin.com\/in\/mickael-duval-artiste\/\"]}]}<\/script>\n<!-- \/ Yoast SEO plugin. -->","yoast_head_json":{"title":"Vid\u00e9o - Mickael Duval","description":"Vit et travaille \u00e0 Toulouse. Micka\u00ebl explore \u00e0 travers sa pratique artistique une r\u00e9flexion sur l'image d'hier, d'aujourd'hui et de demain.","robots":{"index":"index","follow":"follow","max-snippet":"max-snippet:-1","max-image-preview":"max-image-preview:large","max-video-preview":"max-video-preview:-1"},"canonical":"https:\/\/mickaelduval.com\/en\/video\/","og_locale":"en_US","og_type":"article","og_title":"Vid\u00e9o - Mickael Duval","og_description":"Vit et travaille \u00e0 Toulouse. Micka\u00ebl explore \u00e0 travers sa pratique artistique une r\u00e9flexion sur l'image d'hier, d'aujourd'hui et de demain.","og_url":"https:\/\/mickaelduval.com\/en\/video\/","og_site_name":"Mickael Duval","article_publisher":"https:\/\/www.facebook.com\/mickaelduval.fr","article_modified_time":"2025-06-17T09:17:07+00:00","twitter_card":"summary_large_image","twitter_misc":{"Est. reading time":"1 minute"},"schema":{"@context":"https:\/\/schema.org","@graph":[{"@type":"WebPage","@id":"https:\/\/mickaelduval.com\/video\/","url":"https:\/\/mickaelduval.com\/video\/","name":"Vid\u00e9o - Mickael Duval","isPartOf":{"@id":"https:\/\/mickaelduval.com\/#website"},"datePublished":"2024-10-08T09:29:59+00:00","dateModified":"2025-06-17T09:17:07+00:00","description":"Vit et travaille \u00e0 Toulouse. Micka\u00ebl explore \u00e0 travers sa pratique artistique une r\u00e9flexion sur l'image d'hier, d'aujourd'hui et de demain.","breadcrumb":{"@id":"https:\/\/mickaelduval.com\/video\/#breadcrumb"},"inLanguage":"en-US","potentialAction":[{"@type":"ReadAction","target":["https:\/\/mickaelduval.com\/video\/"]}]},{"@type":"BreadcrumbList","@id":"https:\/\/mickaelduval.com\/video\/#breadcrumb","itemListElement":[{"@type":"ListItem","position":1,"name":"Accueil","item":"https:\/\/mickaelduval.com\/"},{"@type":"ListItem","position":2,"name":"Vid\u00e9o"}]},{"@type":"WebSite","@id":"https:\/\/mickaelduval.com\/#website","url":"https:\/\/mickaelduval.com\/","name":"Mickael Duval","description":"Artiste plasticien :)","publisher":{"@id":"https:\/\/mickaelduval.com\/#\/schema\/person\/d0d08f71e8f15cbf724155d7aad9670e"},"potentialAction":[{"@type":"SearchAction","target":{"@type":"EntryPoint","urlTemplate":"https:\/\/mickaelduval.com\/?s={search_term_string}"},"query-input":{"@type":"PropertyValueSpecification","valueRequired":true,"valueName":"search_term_string"}}],"inLanguage":"en-US"},{"@type":["Person","Organization"],"@id":"https:\/\/mickaelduval.com\/#\/schema\/person\/d0d08f71e8f15cbf724155d7aad9670e","name":"Mickael Duval Artiste","image":{"@type":"ImageObject","inLanguage":"en-US","@id":"https:\/\/mickaelduval.com\/#\/schema\/person\/image\/","url":"https:\/\/mickaelduval.com\/wp-content\/uploads\/2023\/02\/icone_Site_MickaelDuval.png","contentUrl":"https:\/\/mickaelduval.com\/wp-content\/uploads\/2023\/02\/icone_Site_MickaelDuval.png","width":512,"height":512,"caption":"Mickael Duval Artiste"},"logo":{"@id":"https:\/\/mickaelduval.com\/#\/schema\/person\/image\/"},"description":"Vit et travaille \u00e0 Toulouse. Micka\u00ebl explore \u00e0 travers sa pratique artistique une r\u00e9flexion sur l'image d'hier, d'aujourd'hui et de demain.","sameAs":["http:\/\/mickaelduval.com","https:\/\/www.facebook.com\/mickaelduval.fr","https:\/\/www.instagram.com\/mkl_dvl\/","https:\/\/www.linkedin.com\/in\/mickael-duval-artiste\/"]}]}},"_links":{"self":[{"href":"https:\/\/mickaelduval.com\/en\/wp-json\/wp\/v2\/pages\/4479","targetHints":{"allow":["GET"]}}],"collection":[{"href":"https:\/\/mickaelduval.com\/en\/wp-json\/wp\/v2\/pages"}],"about":[{"href":"https:\/\/mickaelduval.com\/en\/wp-json\/wp\/v2\/types\/page"}],"author":[{"embeddable":true,"href":"https:\/\/mickaelduval.com\/en\/wp-json\/wp\/v2\/users\/1"}],"replies":[{"embeddable":true,"href":"https:\/\/mickaelduval.com\/en\/wp-json\/wp\/v2\/comments?post=4479"}],"version-history":[{"count":38,"href":"https:\/\/mickaelduval.com\/en\/wp-json\/wp\/v2\/pages\/4479\/revisions"}],"predecessor-version":[{"id":7363,"href":"https:\/\/mickaelduval.com\/en\/wp-json\/wp\/v2\/pages\/4479\/revisions\/7363"}],"wp:attachment":[{"href":"https:\/\/mickaelduval.com\/en\/wp-json\/wp\/v2\/media?parent=4479"}],"wp:term":[{"taxonomy":"wf_page_folders","embeddable":true,"href":"https:\/\/mickaelduval.com\/en\/wp-json\/wp\/v2\/wf_page_folders?post=4479"}],"curies":[{"name":"wp","href":"https:\/\/api.w.org\/{rel}","templated":true}]}}