{"id":4473,"date":"2024-10-08T09:29:14","date_gmt":"2024-10-08T09:29:14","guid":{"rendered":"https:\/\/mickaelduval.com\/?page_id=4473"},"modified":"2024-10-31T15:38:36","modified_gmt":"2024-10-31T15:38:36","slug":"dessin","status":"publish","type":"page","link":"https:\/\/mickaelduval.com\/en\/dessin\/","title":{"rendered":"Drawing"},"content":{"rendered":"<div data-elementor-type=\"wp-page\" data-elementor-id=\"4473\" class=\"elementor elementor-4473\">\n\t\t\t\t\t\t<section class=\"elementor-section elementor-top-section elementor-element elementor-element-c55aaf8 elementor-section-boxed elementor-section-height-default elementor-section-height-default\" data-id=\"c55aaf8\" data-element_type=\"section\" data-e-type=\"section\">\n\t\t\t\t\t\t<div class=\"elementor-container elementor-column-gap-default\">\n\t\t\t\t\t<div class=\"elementor-column elementor-col-100 elementor-top-column elementor-element elementor-element-19327f1\" data-id=\"19327f1\" data-element_type=\"column\" data-e-type=\"column\">\n\t\t\t<div class=\"elementor-widget-wrap elementor-element-populated\">\n\t\t\t\t\t\t<div class=\"elementor-element elementor-element-509f979 elementor-widget elementor-widget-spacer\" data-id=\"509f979\" data-element_type=\"widget\" data-e-type=\"widget\" data-widget_type=\"spacer.default\">\n\t\t\t\t<div class=\"elementor-widget-container\">\n\t\t\t\t\t\t\t<div class=\"elementor-spacer\">\n\t\t\t<div class=\"elementor-spacer-inner\"><\/div>\n\t\t<\/div>\n\t\t\t\t\t\t<\/div>\n\t\t\t\t<\/div>\n\t\t\t\t\t<\/div>\n\t\t<\/div>\n\t\t\t\t\t<\/div>\n\t\t<\/section>\n\t\t\t\t<section class=\"elementor-section elementor-top-section elementor-element elementor-element-bf8f85f elementor-section-boxed elementor-section-height-default elementor-section-height-default\" data-id=\"bf8f85f\" data-element_type=\"section\" data-e-type=\"section\">\n\t\t\t\t\t\t<div class=\"elementor-container elementor-column-gap-default\">\n\t\t\t\t\t<div class=\"elementor-column elementor-col-100 elementor-top-column elementor-element elementor-element-096beb3\" data-id=\"096beb3\" data-element_type=\"column\" data-e-type=\"column\">\n\t\t\t<div class=\"elementor-widget-wrap elementor-element-populated\">\n\t\t\t\t\t\t<div class=\"elementor-element elementor-element-2468c29 elementor-widget elementor-widget-eael-image-accordion\" data-id=\"2468c29\" data-element_type=\"widget\" data-e-type=\"widget\" data-widget_type=\"eael-image-accordion.default\">\n\t\t\t\t<div class=\"elementor-widget-container\">\n\t\t\t\t\t    <div class=\"eael-img-accordion accordion-direction-horizontal eael-img-accordion-horizontal-align-center eael-img-accordion-vertical-align-center\" id=\"eael-img-accordion-2468c29\" data-img-accordion-id=\"2468c29\" data-img-accordion-type=\"on-hover\">\n                    \n            <div class=\"eael-image-accordion-hover eael-image-accordion-item\" style=\"background-image: url(https:\/\/mickaelduval.com\/wp-content\/uploads\/2024\/10\/Mock_Up_Non_Fongible_BLEU_Insta_Portrait1.jpg);\"  tabindex=\"0\">\n                <div class=\"overlay\">\n                                        <div class=\"overlay-inner\">\n                        <a href=\"https:\/\/mickaelduval.com\/en\/non-fongibles-portrait\/\"><h2 class=\"img-accordion-title\">non \/ fongibles #Portrait<\/h2><\/a>                    <\/div>\n                <\/div>\n            <\/div>\n                    \n            <div class=\"eael-image-accordion-hover eael-image-accordion-item\" style=\"background-image: url(https:\/\/mickaelduval.com\/wp-content\/uploads\/2022\/10\/Non_Fongible_BLEU_5.jpg);\"  tabindex=\"0\">\n                <div class=\"overlay\">\n                                        <div class=\"overlay-inner\">\n                        <a href=\"https:\/\/mickaelduval.com\/en\/non-fongible-naturemorte\/\"><h2 class=\"img-accordion-title\">non \/ fongibles #Naturemorte<\/h2><\/a>                    <\/div>\n                <\/div>\n            <\/div>\n                    \n            <div class=\"eael-image-accordion-hover eael-image-accordion-item\" style=\"background-image: url(https:\/\/mickaelduval.com\/wp-content\/uploads\/2022\/05\/NF_FLEUR.png);\"  tabindex=\"0\">\n                <div class=\"overlay\">\n                                        <div class=\"overlay-inner\">\n                        <a href=\"https:\/\/mickaelduval.com\/en\/non-fongibles-paysage\/\"><h2 class=\"img-accordion-title\">non \/ fongibles #Paysage<\/h2><\/a>                    <\/div>\n                <\/div>\n            <\/div>\n                <\/div>\n        <style typr=\"text\/css\">\n                    #eael-img-accordion-2468c29 .eael-image-accordion-hover:hover {\n                        flex: 3 1 0% !important;\n                    }\n                    #eael-img-accordion-2468c29 .eael-image-accordion-hover:hover:hover .overlay-inner * {\n                        opacity: 1;\n                        visibility: visible;\n                        transform: none;\n                        transition: all .3s .3s;\n                    }\n                <\/style>\t\t\t\t<\/div>\n\t\t\t\t<\/div>\n\t\t\t\t\t<\/div>\n\t\t<\/div>\n\t\t\t\t\t<\/div>\n\t\t<\/section>\n\t\t\t\t<section class=\"elementor-section elementor-top-section elementor-element elementor-element-0f598eb elementor-section-boxed elementor-section-height-default elementor-section-height-default\" data-id=\"0f598eb\" data-element_type=\"section\" data-e-type=\"section\">\n\t\t\t\t\t\t<div class=\"elementor-container elementor-column-gap-default\">\n\t\t\t\t\t<div class=\"elementor-column elementor-col-100 elementor-top-column elementor-element elementor-element-7a444c5\" data-id=\"7a444c5\" data-element_type=\"column\" data-e-type=\"column\">\n\t\t\t<div class=\"elementor-widget-wrap elementor-element-populated\">\n\t\t\t\t\t\t<div class=\"elementor-element elementor-element-3c88565 elementor-widget elementor-widget-spacer\" data-id=\"3c88565\" data-element_type=\"widget\" data-e-type=\"widget\" data-widget_type=\"spacer.default\">\n\t\t\t\t<div class=\"elementor-widget-container\">\n\t\t\t\t\t\t\t<div class=\"elementor-spacer\">\n\t\t\t<div class=\"elementor-spacer-inner\"><\/div>\n\t\t<\/div>\n\t\t\t\t\t\t<\/div>\n\t\t\t\t<\/div>\n\t\t\t\t\t<\/div>\n\t\t<\/div>\n\t\t\t\t\t<\/div>\n\t\t<\/section>\n\t\t\t\t<\/div>","protected":false},"excerpt":{"rendered":"<p>non \/ fongibles #Portrait non \/ fongibles #Naturemorte non \/ fongibles #Paysage<\/p>","protected":false},"author":1,"featured_media":0,"parent":0,"menu_order":0,"comment_status":"closed","ping_status":"closed","template":"elementor_header_footer","meta":{"footnotes":""},"wf_page_folders":[46],"class_list":["post-4473","page","type-page","status-publish","hentry","entry"],"yoast_head":"<!-- This site is optimized with the Yoast SEO plugin v26.0 - https:\/\/yoast.com\/wordpress\/plugins\/seo\/ -->\n<title>Dessin - Mickael Duval<\/title>\n<meta name=\"description\" content=\"Vit et travaille \u00e0 Toulouse. Micka\u00ebl explore \u00e0 travers sa pratique artistique une r\u00e9flexion sur l&#039;image d&#039;hier, d&#039;aujourd&#039;hui et de demain.\" \/>\n<meta name=\"robots\" content=\"index, follow, max-snippet:-1, max-image-preview:large, max-video-preview:-1\" \/>\n<link rel=\"canonical\" href=\"https:\/\/mickaelduval.com\/en\/dessin\/\" \/>\n<meta property=\"og:locale\" content=\"en_US\" \/>\n<meta property=\"og:type\" content=\"article\" \/>\n<meta property=\"og:title\" content=\"Dessin - Mickael Duval\" \/>\n<meta property=\"og:description\" content=\"Vit et travaille \u00e0 Toulouse. Micka\u00ebl explore \u00e0 travers sa pratique artistique une r\u00e9flexion sur l&#039;image d&#039;hier, d&#039;aujourd&#039;hui et de demain.\" \/>\n<meta property=\"og:url\" content=\"https:\/\/mickaelduval.com\/en\/dessin\/\" \/>\n<meta property=\"og:site_name\" content=\"Mickael Duval\" \/>\n<meta property=\"article:publisher\" content=\"https:\/\/www.facebook.com\/mickaelduval.fr\" \/>\n<meta property=\"article:modified_time\" content=\"2024-10-31T15:38:36+00:00\" \/>\n<meta name=\"twitter:card\" content=\"summary_large_image\" \/>\n<script type=\"application\/ld+json\" class=\"yoast-schema-graph\">{\"@context\":\"https:\/\/schema.org\",\"@graph\":[{\"@type\":\"WebPage\",\"@id\":\"https:\/\/mickaelduval.com\/dessin\/\",\"url\":\"https:\/\/mickaelduval.com\/dessin\/\",\"name\":\"Dessin - Mickael Duval\",\"isPartOf\":{\"@id\":\"https:\/\/mickaelduval.com\/#website\"},\"datePublished\":\"2024-10-08T09:29:14+00:00\",\"dateModified\":\"2024-10-31T15:38:36+00:00\",\"description\":\"Vit et travaille \u00e0 Toulouse. Micka\u00ebl explore \u00e0 travers sa pratique artistique une r\u00e9flexion sur l'image d'hier, d'aujourd'hui et de demain.\",\"breadcrumb\":{\"@id\":\"https:\/\/mickaelduval.com\/dessin\/#breadcrumb\"},\"inLanguage\":\"en-US\",\"potentialAction\":[{\"@type\":\"ReadAction\",\"target\":[\"https:\/\/mickaelduval.com\/dessin\/\"]}]},{\"@type\":\"BreadcrumbList\",\"@id\":\"https:\/\/mickaelduval.com\/dessin\/#breadcrumb\",\"itemListElement\":[{\"@type\":\"ListItem\",\"position\":1,\"name\":\"Accueil\",\"item\":\"https:\/\/mickaelduval.com\/\"},{\"@type\":\"ListItem\",\"position\":2,\"name\":\"Dessin\"}]},{\"@type\":\"WebSite\",\"@id\":\"https:\/\/mickaelduval.com\/#website\",\"url\":\"https:\/\/mickaelduval.com\/\",\"name\":\"Mickael Duval\",\"description\":\"Artiste plasticien :)\",\"publisher\":{\"@id\":\"https:\/\/mickaelduval.com\/#\/schema\/person\/d0d08f71e8f15cbf724155d7aad9670e\"},\"potentialAction\":[{\"@type\":\"SearchAction\",\"target\":{\"@type\":\"EntryPoint\",\"urlTemplate\":\"https:\/\/mickaelduval.com\/?s={search_term_string}\"},\"query-input\":{\"@type\":\"PropertyValueSpecification\",\"valueRequired\":true,\"valueName\":\"search_term_string\"}}],\"inLanguage\":\"en-US\"},{\"@type\":[\"Person\",\"Organization\"],\"@id\":\"https:\/\/mickaelduval.com\/#\/schema\/person\/d0d08f71e8f15cbf724155d7aad9670e\",\"name\":\"Mickael Duval Artiste\",\"image\":{\"@type\":\"ImageObject\",\"inLanguage\":\"en-US\",\"@id\":\"https:\/\/mickaelduval.com\/#\/schema\/person\/image\/\",\"url\":\"https:\/\/mickaelduval.com\/wp-content\/uploads\/2023\/02\/icone_Site_MickaelDuval.png\",\"contentUrl\":\"https:\/\/mickaelduval.com\/wp-content\/uploads\/2023\/02\/icone_Site_MickaelDuval.png\",\"width\":512,\"height\":512,\"caption\":\"Mickael Duval Artiste\"},\"logo\":{\"@id\":\"https:\/\/mickaelduval.com\/#\/schema\/person\/image\/\"},\"description\":\"Vit et travaille \u00e0 Toulouse. Micka\u00ebl explore \u00e0 travers sa pratique artistique une r\u00e9flexion sur l'image d'hier, d'aujourd'hui et de demain.\",\"sameAs\":[\"http:\/\/mickaelduval.com\",\"https:\/\/www.facebook.com\/mickaelduval.fr\",\"https:\/\/www.instagram.com\/mkl_dvl\/\",\"https:\/\/www.linkedin.com\/in\/mickael-duval-artiste\/\"]}]}<\/script>\n<!-- \/ Yoast SEO plugin. -->","yoast_head_json":{"title":"Dessin - Mickael Duval","description":"Vit et travaille \u00e0 Toulouse. Micka\u00ebl explore \u00e0 travers sa pratique artistique une r\u00e9flexion sur l'image d'hier, d'aujourd'hui et de demain.","robots":{"index":"index","follow":"follow","max-snippet":"max-snippet:-1","max-image-preview":"max-image-preview:large","max-video-preview":"max-video-preview:-1"},"canonical":"https:\/\/mickaelduval.com\/en\/dessin\/","og_locale":"en_US","og_type":"article","og_title":"Dessin - Mickael Duval","og_description":"Vit et travaille \u00e0 Toulouse. Micka\u00ebl explore \u00e0 travers sa pratique artistique une r\u00e9flexion sur l'image d'hier, d'aujourd'hui et de demain.","og_url":"https:\/\/mickaelduval.com\/en\/dessin\/","og_site_name":"Mickael Duval","article_publisher":"https:\/\/www.facebook.com\/mickaelduval.fr","article_modified_time":"2024-10-31T15:38:36+00:00","twitter_card":"summary_large_image","schema":{"@context":"https:\/\/schema.org","@graph":[{"@type":"WebPage","@id":"https:\/\/mickaelduval.com\/dessin\/","url":"https:\/\/mickaelduval.com\/dessin\/","name":"Dessin - Mickael Duval","isPartOf":{"@id":"https:\/\/mickaelduval.com\/#website"},"datePublished":"2024-10-08T09:29:14+00:00","dateModified":"2024-10-31T15:38:36+00:00","description":"Vit et travaille \u00e0 Toulouse. Micka\u00ebl explore \u00e0 travers sa pratique artistique une r\u00e9flexion sur l'image d'hier, d'aujourd'hui et de demain.","breadcrumb":{"@id":"https:\/\/mickaelduval.com\/dessin\/#breadcrumb"},"inLanguage":"en-US","potentialAction":[{"@type":"ReadAction","target":["https:\/\/mickaelduval.com\/dessin\/"]}]},{"@type":"BreadcrumbList","@id":"https:\/\/mickaelduval.com\/dessin\/#breadcrumb","itemListElement":[{"@type":"ListItem","position":1,"name":"Accueil","item":"https:\/\/mickaelduval.com\/"},{"@type":"ListItem","position":2,"name":"Dessin"}]},{"@type":"WebSite","@id":"https:\/\/mickaelduval.com\/#website","url":"https:\/\/mickaelduval.com\/","name":"Mickael Duval","description":"Artiste plasticien :)","publisher":{"@id":"https:\/\/mickaelduval.com\/#\/schema\/person\/d0d08f71e8f15cbf724155d7aad9670e"},"potentialAction":[{"@type":"SearchAction","target":{"@type":"EntryPoint","urlTemplate":"https:\/\/mickaelduval.com\/?s={search_term_string}"},"query-input":{"@type":"PropertyValueSpecification","valueRequired":true,"valueName":"search_term_string"}}],"inLanguage":"en-US"},{"@type":["Person","Organization"],"@id":"https:\/\/mickaelduval.com\/#\/schema\/person\/d0d08f71e8f15cbf724155d7aad9670e","name":"Mickael Duval Artiste","image":{"@type":"ImageObject","inLanguage":"en-US","@id":"https:\/\/mickaelduval.com\/#\/schema\/person\/image\/","url":"https:\/\/mickaelduval.com\/wp-content\/uploads\/2023\/02\/icone_Site_MickaelDuval.png","contentUrl":"https:\/\/mickaelduval.com\/wp-content\/uploads\/2023\/02\/icone_Site_MickaelDuval.png","width":512,"height":512,"caption":"Mickael Duval Artiste"},"logo":{"@id":"https:\/\/mickaelduval.com\/#\/schema\/person\/image\/"},"description":"Vit et travaille \u00e0 Toulouse. Micka\u00ebl explore \u00e0 travers sa pratique artistique une r\u00e9flexion sur l'image d'hier, d'aujourd'hui et de demain.","sameAs":["http:\/\/mickaelduval.com","https:\/\/www.facebook.com\/mickaelduval.fr","https:\/\/www.instagram.com\/mkl_dvl\/","https:\/\/www.linkedin.com\/in\/mickael-duval-artiste\/"]}]}},"_links":{"self":[{"href":"https:\/\/mickaelduval.com\/en\/wp-json\/wp\/v2\/pages\/4473","targetHints":{"allow":["GET"]}}],"collection":[{"href":"https:\/\/mickaelduval.com\/en\/wp-json\/wp\/v2\/pages"}],"about":[{"href":"https:\/\/mickaelduval.com\/en\/wp-json\/wp\/v2\/types\/page"}],"author":[{"embeddable":true,"href":"https:\/\/mickaelduval.com\/en\/wp-json\/wp\/v2\/users\/1"}],"replies":[{"embeddable":true,"href":"https:\/\/mickaelduval.com\/en\/wp-json\/wp\/v2\/comments?post=4473"}],"version-history":[{"count":84,"href":"https:\/\/mickaelduval.com\/en\/wp-json\/wp\/v2\/pages\/4473\/revisions"}],"predecessor-version":[{"id":7241,"href":"https:\/\/mickaelduval.com\/en\/wp-json\/wp\/v2\/pages\/4473\/revisions\/7241"}],"wp:attachment":[{"href":"https:\/\/mickaelduval.com\/en\/wp-json\/wp\/v2\/media?parent=4473"}],"wp:term":[{"taxonomy":"wf_page_folders","embeddable":true,"href":"https:\/\/mickaelduval.com\/en\/wp-json\/wp\/v2\/wf_page_folders?post=4473"}],"curies":[{"name":"wp","href":"https:\/\/api.w.org\/{rel}","templated":true}]}}