{"id":19,"date":"2021-12-26T11:11:57","date_gmt":"2021-12-26T11:11:57","guid":{"rendered":"https:\/\/mickaelduval.com\/?page_id=19"},"modified":"2025-06-17T10:11:42","modified_gmt":"2025-06-17T10:11:42","slug":"infos","status":"publish","type":"page","link":"https:\/\/mickaelduval.com\/en\/infos\/","title":{"rendered":"Info"},"content":{"rendered":"<div data-elementor-type=\"wp-page\" data-elementor-id=\"19\" class=\"elementor elementor-19\">\n\t\t\t\t\t\t<section class=\"elementor-section elementor-top-section elementor-element elementor-element-617ebc8 elementor-section-boxed elementor-section-height-default elementor-section-height-default\" data-id=\"617ebc8\" data-element_type=\"section\" data-e-type=\"section\">\n\t\t\t\t\t\t<div class=\"elementor-container elementor-column-gap-default\">\n\t\t\t\t\t<div class=\"elementor-column elementor-col-100 elementor-top-column elementor-element elementor-element-ecdbd5c\" data-id=\"ecdbd5c\" data-element_type=\"column\" data-e-type=\"column\">\n\t\t\t<div class=\"elementor-widget-wrap elementor-element-populated\">\n\t\t\t\t\t\t<div class=\"elementor-element elementor-element-3052a12 elementor-widget elementor-widget-spacer\" data-id=\"3052a12\" data-element_type=\"widget\" data-e-type=\"widget\" data-widget_type=\"spacer.default\">\n\t\t\t\t<div class=\"elementor-widget-container\">\n\t\t\t\t\t\t\t<div class=\"elementor-spacer\">\n\t\t\t<div class=\"elementor-spacer-inner\"><\/div>\n\t\t<\/div>\n\t\t\t\t\t\t<\/div>\n\t\t\t\t<\/div>\n\t\t\t\t\t<\/div>\n\t\t<\/div>\n\t\t\t\t\t<\/div>\n\t\t<\/section>\n\t\t\t\t<section class=\"elementor-section elementor-top-section elementor-element elementor-element-12272f69 elementor-section-boxed elementor-section-height-default elementor-section-height-default\" data-id=\"12272f69\" data-element_type=\"section\" data-e-type=\"section\" data-settings=\"{&quot;background_background&quot;:&quot;classic&quot;}\">\n\t\t\t\t\t\t<div class=\"elementor-container elementor-column-gap-default\">\n\t\t\t\t\t<div class=\"elementor-column elementor-col-50 elementor-top-column elementor-element elementor-element-4b038ebf\" data-id=\"4b038ebf\" data-element_type=\"column\" data-e-type=\"column\">\n\t\t\t<div class=\"elementor-widget-wrap elementor-element-populated\">\n\t\t\t\t\t\t<section class=\"elementor-section elementor-inner-section elementor-element elementor-element-2c066b83 elementor-section-boxed elementor-section-height-default elementor-section-height-default\" data-id=\"2c066b83\" data-element_type=\"section\" data-e-type=\"section\" data-settings=\"{&quot;animation&quot;:&quot;none&quot;,&quot;background_background&quot;:&quot;classic&quot;}\">\n\t\t\t\t\t\t<div class=\"elementor-container elementor-column-gap-no\">\n\t\t\t\t\t<div class=\"elementor-column elementor-col-100 elementor-inner-column elementor-element elementor-element-63cbf949\" data-id=\"63cbf949\" data-element_type=\"column\" data-e-type=\"column\">\n\t\t\t<div class=\"elementor-widget-wrap elementor-element-populated\">\n\t\t\t\t\t\t<div class=\"elementor-element elementor-element-1f25914a elementor-widget elementor-widget-heading\" data-id=\"1f25914a\" data-element_type=\"widget\" data-e-type=\"widget\" data-widget_type=\"heading.default\">\n\t\t\t\t<div class=\"elementor-widget-container\">\n\t\t\t\t\t<h2 class=\"elementor-heading-title elementor-size-default\">THE PICTURE IS IN \/ CREDIBLE<\/h2>\t\t\t\t<\/div>\n\t\t\t\t<\/div>\n\t\t\t\t\t<\/div>\n\t\t<\/div>\n\t\t\t\t\t<\/div>\n\t\t<\/section>\n\t\t\t\t<section class=\"elementor-section elementor-inner-section elementor-element elementor-element-6c68e22d elementor-section-boxed elementor-section-height-default elementor-section-height-default\" data-id=\"6c68e22d\" data-element_type=\"section\" data-e-type=\"section\" data-settings=\"{&quot;animation&quot;:&quot;none&quot;,&quot;animation_delay&quot;:200}\">\n\t\t\t\t\t\t<div class=\"elementor-container elementor-column-gap-no\">\n\t\t\t\t\t<div class=\"elementor-column elementor-col-100 elementor-inner-column elementor-element elementor-element-2c6194e7\" data-id=\"2c6194e7\" data-element_type=\"column\" data-e-type=\"column\">\n\t\t\t<div class=\"elementor-widget-wrap elementor-element-populated\">\n\t\t\t\t\t\t<div class=\"elementor-element elementor-element-53c421b4 elementor-widget elementor-widget-text-editor\" data-id=\"53c421b4\" data-element_type=\"widget\" data-e-type=\"widget\" data-widget_type=\"text-editor.default\">\n\t\t\t\t<div class=\"elementor-widget-container\">\n\t\t\t\t\t\t\t\t\t<p>The picture.<\/p><p>It can move us, reveal us, pierce us.<\/p><p>It can be a trace, a proof, a memory.<\/p><p>It can be false, fictional or virtual.<\/p><p>Through painting, drawing, video or installation, Micka\u00ebl exposes his point of view on today's image. He moves back and forth between the tangible and the digital, the still and the moving, questioning the very nature of his subject. Drawing on various fields where the image is present, such as social networks, cinema and current affairs, he hybridizes his discourse.<\/p><p>At present, he is exploring a three-stage plastic research represented by the colors of the screen:<br \/>Past \/ red, present \/ green and future \/ blue.<br \/><span style=\"color: #cd1619;\">Red<\/span>, processing the surviving image, implanted in a memory.<span style=\"color: #3fa435;\"><br \/><\/span><\/p><p><span style=\"color: #3fa435;\">Green<\/span>, processing with latent image, manipulable and actual images.<\/p><p><span style=\"color: #273582;\">Blue<\/span>, processing the possible image, fictional and virtual image.<\/p>\t\t\t\t\t\t\t\t<\/div>\n\t\t\t\t<\/div>\n\t\t\t\t\t<\/div>\n\t\t<\/div>\n\t\t\t\t\t<\/div>\n\t\t<\/section>\n\t\t\t\t\t<\/div>\n\t\t<\/div>\n\t\t\t\t<div class=\"elementor-column elementor-col-50 elementor-top-column elementor-element elementor-element-68b9f6a\" data-id=\"68b9f6a\" data-element_type=\"column\" data-e-type=\"column\">\n\t\t\t<div class=\"elementor-widget-wrap elementor-element-populated\">\n\t\t\t\t\t\t<div class=\"elementor-element elementor-element-9da8bf8 pa-icon-pos-after premium-lq__none elementor-widget elementor-widget-premium-addon-button\" data-id=\"9da8bf8\" data-element_type=\"widget\" data-e-type=\"widget\" data-widget_type=\"premium-addon-button.default\">\n\t\t\t\t<div class=\"elementor-widget-container\">\n\t\t\t\t\t\n\n\t\t<a class=\"premium-button premium-button-none premium-btn-md premium-button-none\" href=\"https:\/\/mickaelduval.com\/wp-content\/uploads\/2025\/06\/MickaelDuval_PORTFOLIO_2025.pdf\">\n\t\t\t<div class=\"premium-button-text-icon-wrapper\">\n\t\t\t\t\n\t\t\t\t\t\t\t\t\t\t\t\t\t\t\t\t\t\t<div class=\"premium-lottie-animation\" data-lottie-url=\"https:\/\/lottie.host\/c8681112-266b-4aec-ba41-2650141883cf\/JTzYUYehmA.json\" data-lottie-loop=\"true\" data-lottie-reverse=\"\" data-lottie-hover=\"\"><\/div>\n\t\t\t\t\t\t\t\t\t\t\t\t\t\t\t\n\t\t\t\t\t\t\t\t\t<span >\n\t\t\t\t\t\tBio | CV | Portfolio\t\t\t\t\t<\/span>\n\t\t\t\t\t\t\t<\/div>\n\n\t\t\t\n\t\t\t\n\t\t\t\n\t\t<\/a>\n\n\n\t\t\t\t\t\t<\/div>\n\t\t\t\t<\/div>\n\t\t\t\t<div class=\"elementor-element elementor-element-f764e8f pa-icon-pos-after premium-lq__none elementor-widget elementor-widget-premium-addon-button\" data-id=\"f764e8f\" data-element_type=\"widget\" data-e-type=\"widget\" data-widget_type=\"premium-addon-button.default\">\n\t\t\t\t<div class=\"elementor-widget-container\">\n\t\t\t\t\t\n\n\t\t<a class=\"premium-button premium-button-none premium-btn-lg premium-button-none\" href=\"https:\/\/mickaelduval.com\/en\/contact\/\">\n\t\t\t<div class=\"premium-button-text-icon-wrapper\">\n\t\t\t\t\n\t\t\t\t\t\t\t\t\t\t\t\t\t\t\t\t\t\t<div class=\"premium-lottie-animation\" data-lottie-url=\"https:\/\/lottie.host\/d6117275-3740-4082-8974-d92baf268e07\/6Evxbfh1uN.json\" data-lottie-loop=\"true\" data-lottie-reverse=\"\" data-lottie-hover=\"\"><\/div>\n\t\t\t\t\t\t\t\t\t\t\t\t\t\t\t\n\t\t\t\t\t\t\t\t\t<span >\n\t\t\t\t\t\tContact\t\t\t\t\t<\/span>\n\t\t\t\t\t\t\t<\/div>\n\n\t\t\t\n\t\t\t\n\t\t\t\n\t\t<\/a>\n\n\n\t\t\t\t\t\t<\/div>\n\t\t\t\t<\/div>\n\t\t\t\t\t<\/div>\n\t\t<\/div>\n\t\t\t\t\t<\/div>\n\t\t<\/section>\n\t\t\t\t<section class=\"elementor-section elementor-top-section elementor-element elementor-element-a5a280d elementor-section-boxed elementor-section-height-default elementor-section-height-default\" data-id=\"a5a280d\" data-element_type=\"section\" data-e-type=\"section\">\n\t\t\t\t\t\t<div class=\"elementor-container elementor-column-gap-default\">\n\t\t\t\t\t<div class=\"elementor-column elementor-col-100 elementor-top-column elementor-element elementor-element-040565d\" data-id=\"040565d\" data-element_type=\"column\" data-e-type=\"column\">\n\t\t\t<div class=\"elementor-widget-wrap elementor-element-populated\">\n\t\t\t\t\t\t<div class=\"elementor-element elementor-element-bf84ce4 elementor-widget elementor-widget-spacer\" data-id=\"bf84ce4\" data-element_type=\"widget\" data-e-type=\"widget\" data-widget_type=\"spacer.default\">\n\t\t\t\t<div class=\"elementor-widget-container\">\n\t\t\t\t\t\t\t<div class=\"elementor-spacer\">\n\t\t\t<div class=\"elementor-spacer-inner\"><\/div>\n\t\t<\/div>\n\t\t\t\t\t\t<\/div>\n\t\t\t\t<\/div>\n\t\t\t\t\t<\/div>\n\t\t<\/div>\n\t\t\t\t\t<\/div>\n\t\t<\/section>\n\t\t\t\t<\/div>","protected":false},"excerpt":{"rendered":"<p>L&rsquo;IMAGE EST IN \/ CROYABLE. L\u2019image. Elle peut nous \u00e9mouvoir, nous r\u00e9v\u00e9ler, nous transpercer. Elle peut faire trace, faire preuve, faire m\u00e9moire. Elle peut \u00eatre fausse, \u00eatre fictionnelle, \u00eatre virtuelle. Dans cette approche, Micka\u00ebl expose par le biais de la peinture, le dessin, la vid\u00e9o ou l\u2019installation son point de vue sur l\u2019image d\u2019aujourd\u2019hui. Il&hellip; <a class=\"more-link\" href=\"https:\/\/mickaelduval.com\/en\/infos\/\">Continue reading <span class=\"screen-reader-text\">Info<\/span><\/a><\/p>","protected":false},"author":1,"featured_media":0,"parent":0,"menu_order":0,"comment_status":"closed","ping_status":"closed","template":"elementor_header_footer","meta":{"footnotes":""},"wf_page_folders":[46],"class_list":["post-19","page","type-page","status-publish","hentry","entry"],"yoast_head":"<!-- This site is optimized with the Yoast SEO plugin v26.0 - https:\/\/yoast.com\/wordpress\/plugins\/seo\/ -->\n<title>Infos - Mickael Duval<\/title>\n<meta name=\"description\" content=\"Vit et travaille \u00e0 Toulouse. Micka\u00ebl explore \u00e0 travers sa pratique artistique une r\u00e9flexion sur l&#039;image d&#039;hier, d&#039;aujourd&#039;hui et de demain.\" \/>\n<meta name=\"robots\" content=\"index, follow, max-snippet:-1, max-image-preview:large, max-video-preview:-1\" \/>\n<link rel=\"canonical\" href=\"https:\/\/mickaelduval.com\/en\/infos\/\" \/>\n<meta property=\"og:locale\" content=\"en_US\" \/>\n<meta property=\"og:type\" content=\"article\" \/>\n<meta property=\"og:title\" content=\"Infos - Mickael Duval\" \/>\n<meta property=\"og:description\" content=\"Vit et travaille \u00e0 Toulouse. Micka\u00ebl explore \u00e0 travers sa pratique artistique une r\u00e9flexion sur l&#039;image d&#039;hier, d&#039;aujourd&#039;hui et de demain.\" \/>\n<meta property=\"og:url\" content=\"https:\/\/mickaelduval.com\/en\/infos\/\" \/>\n<meta property=\"og:site_name\" content=\"Mickael Duval\" \/>\n<meta property=\"article:publisher\" content=\"https:\/\/www.facebook.com\/mickaelduval.fr\" \/>\n<meta property=\"article:modified_time\" content=\"2025-06-17T10:11:42+00:00\" \/>\n<meta name=\"twitter:card\" content=\"summary_large_image\" \/>\n<meta name=\"twitter:label1\" content=\"Est. reading time\" \/>\n\t<meta name=\"twitter:data1\" content=\"1 minute\" \/>\n<script type=\"application\/ld+json\" class=\"yoast-schema-graph\">{\"@context\":\"https:\/\/schema.org\",\"@graph\":[{\"@type\":\"WebPage\",\"@id\":\"https:\/\/mickaelduval.com\/infos\/\",\"url\":\"https:\/\/mickaelduval.com\/infos\/\",\"name\":\"Infos - Mickael Duval\",\"isPartOf\":{\"@id\":\"https:\/\/mickaelduval.com\/#website\"},\"datePublished\":\"2021-12-26T11:11:57+00:00\",\"dateModified\":\"2025-06-17T10:11:42+00:00\",\"description\":\"Vit et travaille \u00e0 Toulouse. Micka\u00ebl explore \u00e0 travers sa pratique artistique une r\u00e9flexion sur l'image d'hier, d'aujourd'hui et de demain.\",\"breadcrumb\":{\"@id\":\"https:\/\/mickaelduval.com\/infos\/#breadcrumb\"},\"inLanguage\":\"en-US\",\"potentialAction\":[{\"@type\":\"ReadAction\",\"target\":[\"https:\/\/mickaelduval.com\/infos\/\"]}]},{\"@type\":\"BreadcrumbList\",\"@id\":\"https:\/\/mickaelduval.com\/infos\/#breadcrumb\",\"itemListElement\":[{\"@type\":\"ListItem\",\"position\":1,\"name\":\"Accueil\",\"item\":\"https:\/\/mickaelduval.com\/\"},{\"@type\":\"ListItem\",\"position\":2,\"name\":\"Infos\"}]},{\"@type\":\"WebSite\",\"@id\":\"https:\/\/mickaelduval.com\/#website\",\"url\":\"https:\/\/mickaelduval.com\/\",\"name\":\"Mickael Duval\",\"description\":\"Artiste plasticien :)\",\"publisher\":{\"@id\":\"https:\/\/mickaelduval.com\/#\/schema\/person\/d0d08f71e8f15cbf724155d7aad9670e\"},\"potentialAction\":[{\"@type\":\"SearchAction\",\"target\":{\"@type\":\"EntryPoint\",\"urlTemplate\":\"https:\/\/mickaelduval.com\/?s={search_term_string}\"},\"query-input\":{\"@type\":\"PropertyValueSpecification\",\"valueRequired\":true,\"valueName\":\"search_term_string\"}}],\"inLanguage\":\"en-US\"},{\"@type\":[\"Person\",\"Organization\"],\"@id\":\"https:\/\/mickaelduval.com\/#\/schema\/person\/d0d08f71e8f15cbf724155d7aad9670e\",\"name\":\"Mickael Duval Artiste\",\"image\":{\"@type\":\"ImageObject\",\"inLanguage\":\"en-US\",\"@id\":\"https:\/\/mickaelduval.com\/#\/schema\/person\/image\/\",\"url\":\"https:\/\/mickaelduval.com\/wp-content\/uploads\/2023\/02\/icone_Site_MickaelDuval.png\",\"contentUrl\":\"https:\/\/mickaelduval.com\/wp-content\/uploads\/2023\/02\/icone_Site_MickaelDuval.png\",\"width\":512,\"height\":512,\"caption\":\"Mickael Duval Artiste\"},\"logo\":{\"@id\":\"https:\/\/mickaelduval.com\/#\/schema\/person\/image\/\"},\"description\":\"Vit et travaille \u00e0 Toulouse. Micka\u00ebl explore \u00e0 travers sa pratique artistique une r\u00e9flexion sur l'image d'hier, d'aujourd'hui et de demain.\",\"sameAs\":[\"http:\/\/mickaelduval.com\",\"https:\/\/www.facebook.com\/mickaelduval.fr\",\"https:\/\/www.instagram.com\/mkl_dvl\/\",\"https:\/\/www.linkedin.com\/in\/mickael-duval-artiste\/\"]}]}<\/script>\n<!-- \/ Yoast SEO plugin. -->","yoast_head_json":{"title":"Infos - Mickael Duval","description":"Vit et travaille \u00e0 Toulouse. Micka\u00ebl explore \u00e0 travers sa pratique artistique une r\u00e9flexion sur l'image d'hier, d'aujourd'hui et de demain.","robots":{"index":"index","follow":"follow","max-snippet":"max-snippet:-1","max-image-preview":"max-image-preview:large","max-video-preview":"max-video-preview:-1"},"canonical":"https:\/\/mickaelduval.com\/en\/infos\/","og_locale":"en_US","og_type":"article","og_title":"Infos - Mickael Duval","og_description":"Vit et travaille \u00e0 Toulouse. Micka\u00ebl explore \u00e0 travers sa pratique artistique une r\u00e9flexion sur l'image d'hier, d'aujourd'hui et de demain.","og_url":"https:\/\/mickaelduval.com\/en\/infos\/","og_site_name":"Mickael Duval","article_publisher":"https:\/\/www.facebook.com\/mickaelduval.fr","article_modified_time":"2025-06-17T10:11:42+00:00","twitter_card":"summary_large_image","twitter_misc":{"Est. reading time":"1 minute"},"schema":{"@context":"https:\/\/schema.org","@graph":[{"@type":"WebPage","@id":"https:\/\/mickaelduval.com\/infos\/","url":"https:\/\/mickaelduval.com\/infos\/","name":"Infos - Mickael Duval","isPartOf":{"@id":"https:\/\/mickaelduval.com\/#website"},"datePublished":"2021-12-26T11:11:57+00:00","dateModified":"2025-06-17T10:11:42+00:00","description":"Vit et travaille \u00e0 Toulouse. Micka\u00ebl explore \u00e0 travers sa pratique artistique une r\u00e9flexion sur l'image d'hier, d'aujourd'hui et de demain.","breadcrumb":{"@id":"https:\/\/mickaelduval.com\/infos\/#breadcrumb"},"inLanguage":"en-US","potentialAction":[{"@type":"ReadAction","target":["https:\/\/mickaelduval.com\/infos\/"]}]},{"@type":"BreadcrumbList","@id":"https:\/\/mickaelduval.com\/infos\/#breadcrumb","itemListElement":[{"@type":"ListItem","position":1,"name":"Accueil","item":"https:\/\/mickaelduval.com\/"},{"@type":"ListItem","position":2,"name":"Infos"}]},{"@type":"WebSite","@id":"https:\/\/mickaelduval.com\/#website","url":"https:\/\/mickaelduval.com\/","name":"Mickael Duval","description":"Artiste plasticien :)","publisher":{"@id":"https:\/\/mickaelduval.com\/#\/schema\/person\/d0d08f71e8f15cbf724155d7aad9670e"},"potentialAction":[{"@type":"SearchAction","target":{"@type":"EntryPoint","urlTemplate":"https:\/\/mickaelduval.com\/?s={search_term_string}"},"query-input":{"@type":"PropertyValueSpecification","valueRequired":true,"valueName":"search_term_string"}}],"inLanguage":"en-US"},{"@type":["Person","Organization"],"@id":"https:\/\/mickaelduval.com\/#\/schema\/person\/d0d08f71e8f15cbf724155d7aad9670e","name":"Mickael Duval Artiste","image":{"@type":"ImageObject","inLanguage":"en-US","@id":"https:\/\/mickaelduval.com\/#\/schema\/person\/image\/","url":"https:\/\/mickaelduval.com\/wp-content\/uploads\/2023\/02\/icone_Site_MickaelDuval.png","contentUrl":"https:\/\/mickaelduval.com\/wp-content\/uploads\/2023\/02\/icone_Site_MickaelDuval.png","width":512,"height":512,"caption":"Mickael Duval Artiste"},"logo":{"@id":"https:\/\/mickaelduval.com\/#\/schema\/person\/image\/"},"description":"Vit et travaille \u00e0 Toulouse. Micka\u00ebl explore \u00e0 travers sa pratique artistique une r\u00e9flexion sur l'image d'hier, d'aujourd'hui et de demain.","sameAs":["http:\/\/mickaelduval.com","https:\/\/www.facebook.com\/mickaelduval.fr","https:\/\/www.instagram.com\/mkl_dvl\/","https:\/\/www.linkedin.com\/in\/mickael-duval-artiste\/"]}]}},"_links":{"self":[{"href":"https:\/\/mickaelduval.com\/en\/wp-json\/wp\/v2\/pages\/19","targetHints":{"allow":["GET"]}}],"collection":[{"href":"https:\/\/mickaelduval.com\/en\/wp-json\/wp\/v2\/pages"}],"about":[{"href":"https:\/\/mickaelduval.com\/en\/wp-json\/wp\/v2\/types\/page"}],"author":[{"embeddable":true,"href":"https:\/\/mickaelduval.com\/en\/wp-json\/wp\/v2\/users\/1"}],"replies":[{"embeddable":true,"href":"https:\/\/mickaelduval.com\/en\/wp-json\/wp\/v2\/comments?post=19"}],"version-history":[{"count":186,"href":"https:\/\/mickaelduval.com\/en\/wp-json\/wp\/v2\/pages\/19\/revisions"}],"predecessor-version":[{"id":7371,"href":"https:\/\/mickaelduval.com\/en\/wp-json\/wp\/v2\/pages\/19\/revisions\/7371"}],"wp:attachment":[{"href":"https:\/\/mickaelduval.com\/en\/wp-json\/wp\/v2\/media?parent=19"}],"wp:term":[{"taxonomy":"wf_page_folders","embeddable":true,"href":"https:\/\/mickaelduval.com\/en\/wp-json\/wp\/v2\/wf_page_folders?post=19"}],"curies":[{"name":"wp","href":"https:\/\/api.w.org\/{rel}","templated":true}]}}