{"id":14,"date":"2021-12-26T11:02:46","date_gmt":"2021-12-26T11:02:46","guid":{"rendered":"https:\/\/mickaelduval.com\/?page_id=14"},"modified":"2024-11-08T10:46:40","modified_gmt":"2024-11-08T10:46:40","slug":"contact","status":"publish","type":"page","link":"https:\/\/mickaelduval.com\/en\/contact\/","title":{"rendered":"Contact"},"content":{"rendered":"<div data-elementor-type=\"wp-page\" data-elementor-id=\"14\" class=\"elementor elementor-14\">\n\t\t\t\t\t\t<section class=\"elementor-section elementor-top-section elementor-element elementor-element-c79c5a3 elementor-section-boxed elementor-section-height-default elementor-section-height-default\" data-id=\"c79c5a3\" data-element_type=\"section\" data-e-type=\"section\">\n\t\t\t\t\t\t<div class=\"elementor-container elementor-column-gap-default\">\n\t\t\t\t\t<div class=\"elementor-column elementor-col-100 elementor-top-column elementor-element elementor-element-9f5bf55\" data-id=\"9f5bf55\" data-element_type=\"column\" data-e-type=\"column\">\n\t\t\t<div class=\"elementor-widget-wrap elementor-element-populated\">\n\t\t\t\t\t\t<div class=\"elementor-element elementor-element-d56772b elementor-widget elementor-widget-spacer\" data-id=\"d56772b\" data-element_type=\"widget\" data-e-type=\"widget\" data-widget_type=\"spacer.default\">\n\t\t\t\t<div class=\"elementor-widget-container\">\n\t\t\t\t\t\t\t<div class=\"elementor-spacer\">\n\t\t\t<div class=\"elementor-spacer-inner\"><\/div>\n\t\t<\/div>\n\t\t\t\t\t\t<\/div>\n\t\t\t\t<\/div>\n\t\t\t\t\t<\/div>\n\t\t<\/div>\n\t\t\t\t\t<\/div>\n\t\t<\/section>\n\t\t\t\t<section class=\"elementor-section elementor-top-section elementor-element elementor-element-7c158f6 elementor-section-boxed elementor-section-height-default elementor-section-height-default\" data-id=\"7c158f6\" data-element_type=\"section\" data-e-type=\"section\">\n\t\t\t\t\t\t<div class=\"elementor-container elementor-column-gap-default\">\n\t\t\t\t\t<div class=\"elementor-column elementor-col-100 elementor-top-column elementor-element elementor-element-6f3dcbd\" data-id=\"6f3dcbd\" data-element_type=\"column\" data-e-type=\"column\">\n\t\t\t<div class=\"elementor-widget-wrap elementor-element-populated\">\n\t\t\t\t\t\t<div class=\"elementor-element elementor-element-73be1369 elementor-widget elementor-widget-heading\" data-id=\"73be1369\" data-element_type=\"widget\" data-e-type=\"widget\" data-widget_type=\"heading.default\">\n\t\t\t\t<div class=\"elementor-widget-container\">\n\t\t\t\t\t<h2 class=\"elementor-heading-title elementor-size-default\">CONTACT<\/h2>\t\t\t\t<\/div>\n\t\t\t\t<\/div>\n\t\t\t\t\t<\/div>\n\t\t<\/div>\n\t\t\t\t\t<\/div>\n\t\t<\/section>\n\t\t\t\t<section class=\"elementor-section elementor-top-section elementor-element elementor-element-b19d3b0 elementor-section-boxed elementor-section-height-default elementor-section-height-default\" data-id=\"b19d3b0\" data-element_type=\"section\" data-e-type=\"section\">\n\t\t\t\t\t\t<div class=\"elementor-container elementor-column-gap-default\">\n\t\t\t\t\t<div class=\"elementor-column elementor-col-50 elementor-top-column elementor-element elementor-element-f34d9f0\" data-id=\"f34d9f0\" data-element_type=\"column\" data-e-type=\"column\">\n\t\t\t<div class=\"elementor-widget-wrap elementor-element-populated\">\n\t\t\t\t\t\t<div class=\"elementor-element elementor-element-ab26c1a elementor-widget elementor-widget-text-editor\" data-id=\"ab26c1a\" data-element_type=\"widget\" data-e-type=\"widget\" data-widget_type=\"text-editor.default\">\n\t\t\t\t<div class=\"elementor-widget-container\">\n\t\t\t\t\t\t\t\t\t<p>If you have any questions, would like more information or would like to work with us, please use the form below. I'll get back to you as soon as possible and look forward to working with you on your project.<\/p>\n<strong>\n<\/strong>\t\t\t\t\t\t\t\t<\/div>\n\t\t\t\t<\/div>\n\t\t\t\t<div class=\"elementor-element elementor-element-11cd6dc elementor-widget elementor-widget-text-editor\" data-id=\"11cd6dc\" data-element_type=\"widget\" data-e-type=\"widget\" data-widget_type=\"text-editor.default\">\n\t\t\t\t<div class=\"elementor-widget-container\">\n\t\t\t\t\t\t\t\t\t<p>Ce site est prot\u00e9g\u00e9 par reCAPTCHA. La politique de confidentialit\u00e9 et les conditions d&rsquo;utilisation de Google s&rsquo;appliquent.<\/p><p><strong>\u00a0<\/strong><\/p>\t\t\t\t\t\t\t\t<\/div>\n\t\t\t\t<\/div>\n\t\t\t\t\t<\/div>\n\t\t<\/div>\n\t\t\t\t<div class=\"elementor-column elementor-col-50 elementor-top-column elementor-element elementor-element-91caf5e\" data-id=\"91caf5e\" data-element_type=\"column\" data-e-type=\"column\">\n\t\t\t<div class=\"elementor-widget-wrap elementor-element-populated\">\n\t\t\t\t\t\t<div class=\"elementor-element elementor-element-b8bbbf0 eael-contact-form-7-button-align-center elementor-widget-laptop__width-initial eael-contact-form-7-button-custom elementor-widget elementor-widget-eael-contact-form-7\" data-id=\"b8bbbf0\" data-element_type=\"widget\" data-e-type=\"widget\" data-widget_type=\"eael-contact-form-7.default\">\n\t\t\t\t<div class=\"elementor-widget-container\">\n\t\t\t\t\t<div class=\"eael-contact-form-7-wrapper\">\n                <div class=\"eael-contact-form eael-contact-form-7 eael-contact-form-b8bbbf0 placeholder-show eael-contact-form-align-left\">\n<div class=\"wpcf7 no-js\" id=\"wpcf7-f7034-o1\" lang=\"fr-FR\" dir=\"ltr\" data-wpcf7-id=\"7034\">\n<div class=\"screen-reader-response\"><p role=\"status\" aria-live=\"polite\" aria-atomic=\"true\"><\/p> <ul><\/ul><\/div>\n<form action=\"\/en\/wp-json\/wp\/v2\/pages\/14#wpcf7-f7034-o1\" method=\"post\" class=\"wpcf7-form init\" aria-label=\"Formulaire de contact\" novalidate=\"novalidate\" data-status=\"init\" data-trp-original-action=\"\/en\/wp-json\/wp\/v2\/pages\/14#wpcf7-f7034-o1\">\n<fieldset class=\"hidden-fields-container\"><input type=\"hidden\" name=\"_wpcf7\" value=\"7034\" \/><input type=\"hidden\" name=\"_wpcf7_version\" value=\"6.1.2\" \/><input type=\"hidden\" name=\"_wpcf7_locale\" value=\"fr_FR\" \/><input type=\"hidden\" name=\"_wpcf7_unit_tag\" value=\"wpcf7-f7034-o1\" \/><input type=\"hidden\" name=\"_wpcf7_container_post\" value=\"0\" \/><input type=\"hidden\" name=\"_wpcf7_posted_data_hash\" value=\"\" \/><input type=\"hidden\" name=\"_wpcf7_recaptcha_response\" value=\"\" \/>\n<\/fieldset>\n<p><label> Your first name<br \/>\n<span class=\"wpcf7-form-control-wrap\" data-name=\"your-firstname\"><input size=\"40\" maxlength=\"400\" class=\"wpcf7-form-control wpcf7-text wpcf7-validates-as-required\" autocomplete=\"firstname\" aria-required=\"true\" aria-invalid=\"false\" value=\"\" type=\"text\" name=\"your-firstname\" \/><\/span> <\/label>\n<\/p>\n<p><label> Your name<br \/>\n<span class=\"wpcf7-form-control-wrap\" data-name=\"your-name\"><input size=\"40\" maxlength=\"400\" class=\"wpcf7-form-control wpcf7-text wpcf7-validates-as-required\" autocomplete=\"name\" aria-required=\"true\" aria-invalid=\"false\" value=\"\" type=\"text\" name=\"your-name\" \/><\/span> <\/label>\n<\/p>\n<p><label> Your e-mail<br \/>\n<span class=\"wpcf7-form-control-wrap\" data-name=\"your-email\"><input size=\"40\" maxlength=\"400\" class=\"wpcf7-form-control wpcf7-email wpcf7-validates-as-required wpcf7-text wpcf7-validates-as-email\" autocomplete=\"email\" aria-required=\"true\" aria-invalid=\"false\" value=\"\" type=\"email\" name=\"your-email\" \/><\/span> <\/label>\n<\/p>\n<p><label> Object<br \/>\n<span class=\"wpcf7-form-control-wrap\" data-name=\"your-subject\"><input size=\"40\" maxlength=\"400\" class=\"wpcf7-form-control wpcf7-text wpcf7-validates-as-required\" aria-required=\"true\" aria-invalid=\"false\" value=\"\" type=\"text\" name=\"your-subject\" \/><\/span> <\/label>\n<\/p>\n<p><label> Your message<br \/>\n<span class=\"wpcf7-form-control-wrap\" data-name=\"your-message\"><textarea cols=\"40\" rows=\"10\" maxlength=\"2000\" class=\"wpcf7-form-control wpcf7-textarea\" aria-invalid=\"false\" name=\"your-message\"><\/textarea><\/span> <\/label>\n<\/p>\n<p><input class=\"wpcf7-form-control wpcf7-submit has-spinner\" type=\"submit\" value=\"Send\" \/>\n<\/p><div class=\"wpcf7-response-output\" aria-hidden=\"true\"><\/div>\n<input type=\"hidden\" name=\"trp-form-language\" value=\"en\"\/><\/form>\n<\/div>\n<\/div>\n            <\/div>\t\t\t\t<\/div>\n\t\t\t\t<\/div>\n\t\t\t\t\t<\/div>\n\t\t<\/div>\n\t\t\t\t\t<\/div>\n\t\t<\/section>\n\t\t\t\t<\/div>","protected":false},"excerpt":{"rendered":"<p>CONTACT Pour toute question, demande d\u2019information ou proposition de collaboration, n&rsquo;h\u00e9sitez pas \u00e0 utiliser le formulaire ci-dessous. Je vous r\u00e9pondrai dans les plus brefs d\u00e9lais et serai heureux de vous accompagner dans votre projet. Ce site est prot\u00e9g\u00e9 par reCAPTCHA. La politique de confidentialit\u00e9 et les conditions d&rsquo;utilisation de Google s&rsquo;appliquent. \u00a0 Votre pr\u00e9nom Votre&hellip; <a class=\"more-link\" href=\"https:\/\/mickaelduval.com\/en\/contact\/\">Continue reading <span class=\"screen-reader-text\">Contact<\/span><\/a><\/p>","protected":false},"author":1,"featured_media":0,"parent":0,"menu_order":0,"comment_status":"closed","ping_status":"closed","template":"elementor_header_footer","meta":{"footnotes":""},"wf_page_folders":[46],"class_list":["post-14","page","type-page","status-publish","hentry","entry"],"yoast_head":"<!-- This site is optimized with the Yoast SEO plugin v26.0 - https:\/\/yoast.com\/wordpress\/plugins\/seo\/ -->\n<title>Contact - Mickael Duval<\/title>\n<meta name=\"description\" content=\"Vit et travaille \u00e0 Toulouse. Micka\u00ebl explore \u00e0 travers sa pratique artistique une r\u00e9flexion sur l&#039;image d&#039;hier, d&#039;aujourd&#039;hui et de demain.\" \/>\n<meta name=\"robots\" content=\"index, follow, max-snippet:-1, max-image-preview:large, max-video-preview:-1\" \/>\n<link rel=\"canonical\" href=\"https:\/\/mickaelduval.com\/en\/contact\/\" \/>\n<meta property=\"og:locale\" content=\"en_US\" \/>\n<meta property=\"og:type\" content=\"article\" \/>\n<meta property=\"og:title\" content=\"Contact - Mickael Duval\" \/>\n<meta property=\"og:description\" content=\"Vit et travaille \u00e0 Toulouse. Micka\u00ebl explore \u00e0 travers sa pratique artistique une r\u00e9flexion sur l&#039;image d&#039;hier, d&#039;aujourd&#039;hui et de demain.\" \/>\n<meta property=\"og:url\" content=\"https:\/\/mickaelduval.com\/en\/contact\/\" \/>\n<meta property=\"og:site_name\" content=\"Mickael Duval\" \/>\n<meta property=\"article:publisher\" content=\"https:\/\/www.facebook.com\/mickaelduval.fr\" \/>\n<meta property=\"article:modified_time\" content=\"2024-11-08T10:46:40+00:00\" \/>\n<meta name=\"twitter:card\" content=\"summary_large_image\" \/>\n<meta name=\"twitter:label1\" content=\"Est. reading time\" \/>\n\t<meta name=\"twitter:data1\" content=\"1 minute\" \/>\n<script type=\"application\/ld+json\" class=\"yoast-schema-graph\">{\"@context\":\"https:\/\/schema.org\",\"@graph\":[{\"@type\":\"WebPage\",\"@id\":\"https:\/\/mickaelduval.com\/contact\/\",\"url\":\"https:\/\/mickaelduval.com\/contact\/\",\"name\":\"Contact - Mickael Duval\",\"isPartOf\":{\"@id\":\"https:\/\/mickaelduval.com\/#website\"},\"datePublished\":\"2021-12-26T11:02:46+00:00\",\"dateModified\":\"2024-11-08T10:46:40+00:00\",\"description\":\"Vit et travaille \u00e0 Toulouse. Micka\u00ebl explore \u00e0 travers sa pratique artistique une r\u00e9flexion sur l'image d'hier, d'aujourd'hui et de demain.\",\"breadcrumb\":{\"@id\":\"https:\/\/mickaelduval.com\/contact\/#breadcrumb\"},\"inLanguage\":\"en-US\",\"potentialAction\":[{\"@type\":\"ReadAction\",\"target\":[\"https:\/\/mickaelduval.com\/contact\/\"]}]},{\"@type\":\"BreadcrumbList\",\"@id\":\"https:\/\/mickaelduval.com\/contact\/#breadcrumb\",\"itemListElement\":[{\"@type\":\"ListItem\",\"position\":1,\"name\":\"Accueil\",\"item\":\"https:\/\/mickaelduval.com\/\"},{\"@type\":\"ListItem\",\"position\":2,\"name\":\"Contact\"}]},{\"@type\":\"WebSite\",\"@id\":\"https:\/\/mickaelduval.com\/#website\",\"url\":\"https:\/\/mickaelduval.com\/\",\"name\":\"Mickael Duval\",\"description\":\"Artiste plasticien :)\",\"publisher\":{\"@id\":\"https:\/\/mickaelduval.com\/#\/schema\/person\/d0d08f71e8f15cbf724155d7aad9670e\"},\"potentialAction\":[{\"@type\":\"SearchAction\",\"target\":{\"@type\":\"EntryPoint\",\"urlTemplate\":\"https:\/\/mickaelduval.com\/?s={search_term_string}\"},\"query-input\":{\"@type\":\"PropertyValueSpecification\",\"valueRequired\":true,\"valueName\":\"search_term_string\"}}],\"inLanguage\":\"en-US\"},{\"@type\":[\"Person\",\"Organization\"],\"@id\":\"https:\/\/mickaelduval.com\/#\/schema\/person\/d0d08f71e8f15cbf724155d7aad9670e\",\"name\":\"Mickael Duval Artiste\",\"image\":{\"@type\":\"ImageObject\",\"inLanguage\":\"en-US\",\"@id\":\"https:\/\/mickaelduval.com\/#\/schema\/person\/image\/\",\"url\":\"https:\/\/mickaelduval.com\/wp-content\/uploads\/2023\/02\/icone_Site_MickaelDuval.png\",\"contentUrl\":\"https:\/\/mickaelduval.com\/wp-content\/uploads\/2023\/02\/icone_Site_MickaelDuval.png\",\"width\":512,\"height\":512,\"caption\":\"Mickael Duval Artiste\"},\"logo\":{\"@id\":\"https:\/\/mickaelduval.com\/#\/schema\/person\/image\/\"},\"description\":\"Vit et travaille \u00e0 Toulouse. Micka\u00ebl explore \u00e0 travers sa pratique artistique une r\u00e9flexion sur l'image d'hier, d'aujourd'hui et de demain.\",\"sameAs\":[\"http:\/\/mickaelduval.com\",\"https:\/\/www.facebook.com\/mickaelduval.fr\",\"https:\/\/www.instagram.com\/mkl_dvl\/\",\"https:\/\/www.linkedin.com\/in\/mickael-duval-artiste\/\"]}]}<\/script>\n<!-- \/ Yoast SEO plugin. -->","yoast_head_json":{"title":"Contact - Mickael Duval","description":"Vit et travaille \u00e0 Toulouse. Micka\u00ebl explore \u00e0 travers sa pratique artistique une r\u00e9flexion sur l'image d'hier, d'aujourd'hui et de demain.","robots":{"index":"index","follow":"follow","max-snippet":"max-snippet:-1","max-image-preview":"max-image-preview:large","max-video-preview":"max-video-preview:-1"},"canonical":"https:\/\/mickaelduval.com\/en\/contact\/","og_locale":"en_US","og_type":"article","og_title":"Contact - Mickael Duval","og_description":"Vit et travaille \u00e0 Toulouse. Micka\u00ebl explore \u00e0 travers sa pratique artistique une r\u00e9flexion sur l'image d'hier, d'aujourd'hui et de demain.","og_url":"https:\/\/mickaelduval.com\/en\/contact\/","og_site_name":"Mickael Duval","article_publisher":"https:\/\/www.facebook.com\/mickaelduval.fr","article_modified_time":"2024-11-08T10:46:40+00:00","twitter_card":"summary_large_image","twitter_misc":{"Est. reading time":"1 minute"},"schema":{"@context":"https:\/\/schema.org","@graph":[{"@type":"WebPage","@id":"https:\/\/mickaelduval.com\/contact\/","url":"https:\/\/mickaelduval.com\/contact\/","name":"Contact - Mickael Duval","isPartOf":{"@id":"https:\/\/mickaelduval.com\/#website"},"datePublished":"2021-12-26T11:02:46+00:00","dateModified":"2024-11-08T10:46:40+00:00","description":"Vit et travaille \u00e0 Toulouse. Micka\u00ebl explore \u00e0 travers sa pratique artistique une r\u00e9flexion sur l'image d'hier, d'aujourd'hui et de demain.","breadcrumb":{"@id":"https:\/\/mickaelduval.com\/contact\/#breadcrumb"},"inLanguage":"en-US","potentialAction":[{"@type":"ReadAction","target":["https:\/\/mickaelduval.com\/contact\/"]}]},{"@type":"BreadcrumbList","@id":"https:\/\/mickaelduval.com\/contact\/#breadcrumb","itemListElement":[{"@type":"ListItem","position":1,"name":"Accueil","item":"https:\/\/mickaelduval.com\/"},{"@type":"ListItem","position":2,"name":"Contact"}]},{"@type":"WebSite","@id":"https:\/\/mickaelduval.com\/#website","url":"https:\/\/mickaelduval.com\/","name":"Mickael Duval","description":"Artiste plasticien :)","publisher":{"@id":"https:\/\/mickaelduval.com\/#\/schema\/person\/d0d08f71e8f15cbf724155d7aad9670e"},"potentialAction":[{"@type":"SearchAction","target":{"@type":"EntryPoint","urlTemplate":"https:\/\/mickaelduval.com\/?s={search_term_string}"},"query-input":{"@type":"PropertyValueSpecification","valueRequired":true,"valueName":"search_term_string"}}],"inLanguage":"en-US"},{"@type":["Person","Organization"],"@id":"https:\/\/mickaelduval.com\/#\/schema\/person\/d0d08f71e8f15cbf724155d7aad9670e","name":"Mickael Duval Artiste","image":{"@type":"ImageObject","inLanguage":"en-US","@id":"https:\/\/mickaelduval.com\/#\/schema\/person\/image\/","url":"https:\/\/mickaelduval.com\/wp-content\/uploads\/2023\/02\/icone_Site_MickaelDuval.png","contentUrl":"https:\/\/mickaelduval.com\/wp-content\/uploads\/2023\/02\/icone_Site_MickaelDuval.png","width":512,"height":512,"caption":"Mickael Duval Artiste"},"logo":{"@id":"https:\/\/mickaelduval.com\/#\/schema\/person\/image\/"},"description":"Vit et travaille \u00e0 Toulouse. Micka\u00ebl explore \u00e0 travers sa pratique artistique une r\u00e9flexion sur l'image d'hier, d'aujourd'hui et de demain.","sameAs":["http:\/\/mickaelduval.com","https:\/\/www.facebook.com\/mickaelduval.fr","https:\/\/www.instagram.com\/mkl_dvl\/","https:\/\/www.linkedin.com\/in\/mickael-duval-artiste\/"]}]}},"_links":{"self":[{"href":"https:\/\/mickaelduval.com\/en\/wp-json\/wp\/v2\/pages\/14","targetHints":{"allow":["GET"]}}],"collection":[{"href":"https:\/\/mickaelduval.com\/en\/wp-json\/wp\/v2\/pages"}],"about":[{"href":"https:\/\/mickaelduval.com\/en\/wp-json\/wp\/v2\/types\/page"}],"author":[{"embeddable":true,"href":"https:\/\/mickaelduval.com\/en\/wp-json\/wp\/v2\/users\/1"}],"replies":[{"embeddable":true,"href":"https:\/\/mickaelduval.com\/en\/wp-json\/wp\/v2\/comments?post=14"}],"version-history":[{"count":312,"href":"https:\/\/mickaelduval.com\/en\/wp-json\/wp\/v2\/pages\/14\/revisions"}],"predecessor-version":[{"id":7325,"href":"https:\/\/mickaelduval.com\/en\/wp-json\/wp\/v2\/pages\/14\/revisions\/7325"}],"wp:attachment":[{"href":"https:\/\/mickaelduval.com\/en\/wp-json\/wp\/v2\/media?parent=14"}],"wp:term":[{"taxonomy":"wf_page_folders","embeddable":true,"href":"https:\/\/mickaelduval.com\/en\/wp-json\/wp\/v2\/wf_page_folders?post=14"}],"curies":[{"name":"wp","href":"https:\/\/api.w.org\/{rel}","templated":true}]}}